{"id":1142,"date":"2024-10-11T16:25:15","date_gmt":"2024-10-11T14:25:15","guid":{"rendered":"https:\/\/salondugourmet.fr\/?page_id=1142"},"modified":"2025-11-16T17:13:50","modified_gmt":"2025-11-16T16:13:50","slug":"themes-2024","status":"publish","type":"page","link":"https:\/\/salondugourmet.fr\/index.php\/theme\/themes-2024\/","title":{"rendered":"Th\u00e8me 2024"},"content":{"rendered":"\t\t<div data-elementor-type=\"wp-page\" data-elementor-id=\"1142\" class=\"elementor elementor-1142\" data-elementor-post-type=\"page\">\n\t\t\t\t<div class=\"elementor-element elementor-element-3dfd5fb e-flex e-con-boxed e-con e-parent\" data-id=\"3dfd5fb\" data-element_type=\"container\" data-e-type=\"container\">\n\t\t\t\t\t<div class=\"e-con-inner\">\n\t\t<div class=\"elementor-element elementor-element-4907819 e-con-full e-flex e-con e-child\" data-id=\"4907819\" data-element_type=\"container\" data-e-type=\"container\">\n\t\t\t\t<div class=\"elementor-element elementor-element-1894585 elementor-widget elementor-widget-text-editor\" data-id=\"1894585\" data-element_type=\"widget\" data-e-type=\"widget\" data-widget_type=\"text-editor.default\">\n\t\t\t\t\t\t\t\t\t<p>Cette ann\u00e9e, 2024, l&rsquo;honneur est aux :<\/p><p style=\"text-align: center;\">\u00ab\u00a0CUCURBITAC\u00c9ES\u00a0\u00bb<\/p><p><span style=\"text-decoration: underline; color: #3366ff;\"><em>Article extrait de Wikip\u00e9dia :<\/em><\/span><\/p><p>Les <i><b>Cucurbitaceae<\/b><\/i> (Cucurbitac\u00e9es) sont une famille de plantes \u00e0 fleurs <a title=\"Dicotyl\u00e9done\" href=\"https:\/\/fr.wikipedia.org\/wiki\/Dicotyl%C3%A9done\" target=\"_blank\" rel=\"noopener\">dicotyl\u00e9dones<\/a> de l&rsquo;ordre des <i><a title=\"Cucurbitales\" href=\"https:\/\/fr.wikipedia.org\/wiki\/Cucurbitales\" target=\"_blank\" rel=\"noopener\">Cucurbitales<\/a><\/i>, originaires pour la plupart des r\u00e9gions <a title=\"Tropique\" href=\"https:\/\/fr.wikipedia.org\/wiki\/Tropique\" target=\"_blank\" rel=\"noopener\">tropicales<\/a> et subtropicales, qui comprend environ 800 esp\u00e8ces r\u00e9parties en 180 genres.<\/p><p>Ce sont g\u00e9n\u00e9ralement des <a title=\"Plante herbac\u00e9e\" href=\"https:\/\/fr.wikipedia.org\/wiki\/Plante_herbac%C3%A9e\" target=\"_blank\" rel=\"noopener\">plantes herbac\u00e9es<\/a>, <a title=\"Plante annuelle\" href=\"https:\/\/fr.wikipedia.org\/wiki\/Plante_annuelle\" target=\"_blank\" rel=\"noopener\">annuelles<\/a> ou <a title=\"Plante vivace\" href=\"https:\/\/fr.wikipedia.org\/wiki\/Plante_vivace\" target=\"_blank\" rel=\"noopener\">vivaces<\/a>, \u00e0 port rampant ou grimpant, aux tiges munies de vrilles, et plus rarement des arbustes. Ces plantes sont sensibles au gel. Les fleurs sont unisexu\u00e9es, port\u00e9es parfois par les m\u00eames plantes (<a title=\"Mono\u00e9cie\" href=\"https:\/\/fr.wikipedia.org\/wiki\/Mono%C3%A9cie\" target=\"_blank\" rel=\"noopener\">mono\u00efques<\/a>), parfois par des plantes diff\u00e9rentes (<a title=\"Di\u00e9cie\" href=\"https:\/\/fr.wikipedia.org\/wiki\/Di%C3%A9cie\" target=\"_blank\" rel=\"noopener\">dio\u00efques<\/a>). Les fruits sont le plus souvent des baies modifi\u00e9es appel\u00e9es <a title=\"P\u00e9ponide\" href=\"https:\/\/fr.wikipedia.org\/wiki\/P%C3%A9ponide\" target=\"_blank\" rel=\"noopener\">p\u00e9ponides<\/a>, plus rarement des fruits secs (<a title=\"Capsule (botanique)\" href=\"https:\/\/fr.wikipedia.org\/wiki\/Capsule_(botanique)\" target=\"_blank\" rel=\"noopener\">capsules<\/a>, <a title=\"Samare\" href=\"https:\/\/fr.wikipedia.org\/wiki\/Samare\" target=\"_blank\" rel=\"noopener\">samares<\/a>).<\/p><p>\u00a0<\/p>\t\t\t\t\t\t\t\t<\/div>\n\t\t\t\t<\/div>\n\t\t<div class=\"elementor-element elementor-element-aeaac00 e-con-full e-flex e-con e-child\" data-id=\"aeaac00\" data-element_type=\"container\" data-e-type=\"container\">\n\t\t<div class=\"elementor-element elementor-element-3739797 e-con-full e-flex e-con e-child\" data-id=\"3739797\" data-element_type=\"container\" data-e-type=\"container\">\n\t\t\t\t<div class=\"elementor-element elementor-element-c711996 elementor-widget elementor-widget-image\" data-id=\"c711996\" data-element_type=\"widget\" data-e-type=\"widget\" data-widget_type=\"image.default\">\n\t\t\t\t\t\t\t\t\t\t\t\t\t\t\t<img fetchpriority=\"high\" decoding=\"async\" width=\"900\" height=\"675\" src=\"https:\/\/salondugourmet.fr\/wp-content\/uploads\/2024\/10\/les-courges1.webp\" class=\"attachment-large size-large wp-image-1150\" alt=\"\" srcset=\"https:\/\/salondugourmet.fr\/wp-content\/uploads\/2024\/10\/les-courges1.webp 1024w, https:\/\/salondugourmet.fr\/wp-content\/uploads\/2024\/10\/les-courges1-300x225.webp 300w, https:\/\/salondugourmet.fr\/wp-content\/uploads\/2024\/10\/les-courges1-768x576.webp 768w\" sizes=\"(max-width: 900px) 100vw, 900px\" \/>\t\t\t\t\t\t\t\t\t\t\t\t\t\t\t<\/div>\n\t\t\t\t<\/div>\n\t\t<div class=\"elementor-element elementor-element-8367c9c e-con-full e-flex e-con e-child\" data-id=\"8367c9c\" data-element_type=\"container\" data-e-type=\"container\">\n\t\t\t\t<div class=\"elementor-element elementor-element-211a117 elementor-widget__width-initial elementor-widget elementor-widget-text-editor\" data-id=\"211a117\" data-element_type=\"widget\" data-e-type=\"widget\" data-widget_type=\"text-editor.default\">\n\t\t\t\t\t\t\t\t\t<p>De nombreuses esp\u00e8ces sont cultiv\u00e9es pour leur fruits comestibles (<a title=\"Courge\" href=\"https:\/\/fr.wikipedia.org\/wiki\/Courge\" target=\"_blank\" rel=\"noopener\">courges<\/a>, <a title=\"Courgette\" href=\"https:\/\/fr.wikipedia.org\/wiki\/Courgette\" target=\"_blank\" rel=\"noopener\">courgettes<\/a>, <a title=\"Concombre\" href=\"https:\/\/fr.wikipedia.org\/wiki\/Concombre\" target=\"_blank\" rel=\"noopener\">concombres<\/a>, <a title=\"Cornichon\" href=\"https:\/\/fr.wikipedia.org\/wiki\/Cornichon\" target=\"_blank\" rel=\"noopener\">cornichons<\/a>, <a title=\"Doubeurre\" href=\"https:\/\/fr.wikipedia.org\/wiki\/Doubeurre\" target=\"_blank\" rel=\"noopener\">doubeurres<\/a>, <a title=\"Melon (plante)\" href=\"https:\/\/fr.wikipedia.org\/wiki\/Melon_(plante)\" target=\"_blank\" rel=\"noopener\">melons<\/a>, <a title=\"Past\u00e8que\" href=\"https:\/\/fr.wikipedia.org\/wiki\/Past%C3%A8que\" target=\"_blank\" rel=\"noopener\">past\u00e8ques<\/a>, <a title=\"Chayote\" href=\"https:\/\/fr.wikipedia.org\/wiki\/Chayote\" target=\"_blank\" rel=\"noopener\">chayotes<\/a>, etc.) et parfois pour leurs graines (<a class=\"mw-redirect\" title=\"Huile de p\u00e9pins de courge\" href=\"https:\/\/fr.wikipedia.org\/wiki\/Huile_de_p%C3%A9pins_de_courge\" target=\"_blank\" rel=\"noopener\">courge \u00e0 huile<\/a>, <a title=\"Pistache africaine\" href=\"https:\/\/fr.wikipedia.org\/wiki\/Pistache_africaine\" target=\"_blank\" rel=\"noopener\">pistache africaine<\/a>). Leur domestication est tr\u00e8s ancienne et remonte \u00e0 plusieurs milliers d&rsquo;ann\u00e9es, tant dans le Nouveau Monde (<i>Cucurbita<\/i>, <i>Sechium<\/i>) que dans l&rsquo;Ancien (<i>Citrullus<\/i>, <i>Cucumis<\/i>, <i>Lagenaria<\/i>, <i><a title=\"Luffa\" href=\"https:\/\/fr.wikipedia.org\/wiki\/Luffa\">Luffa<\/a>, Albanus Qu\u00e9netus<\/i>).<\/p>\t\t\t\t\t\t\t\t<\/div>\n\t\t\t\t<\/div>\n\t\t\t\t<\/div>\n\t\t\t\t\t<\/div>\n\t\t\t\t<\/div>\n\t\t\t\t<\/div>\n\t\t","protected":false},"excerpt":{"rendered":"<p>Cette ann\u00e9e, 2024, l&rsquo;honneur est aux : \u00ab\u00a0CUCURBITAC\u00c9ES\u00a0\u00bb Article extrait de Wikip\u00e9dia : Les Cucurbitaceae (Cucurbitac\u00e9es) sont une famille de plantes \u00e0 fleurs dicotyl\u00e9dones de l&rsquo;ordre des Cucurbitales, originaires pour la plupart des r\u00e9gions tropicales et subtropicales, qui comprend environ 800 esp\u00e8ces r\u00e9parties en 180 genres. Ce sont g\u00e9n\u00e9ralement des plantes herbac\u00e9es, annuelles ou vivaces, &#8230; <a title=\"Th\u00e8me 2024\" class=\"read-more\" href=\"https:\/\/salondugourmet.fr\/index.php\/theme\/themes-2024\/\" aria-label=\"Plus sur Th\u00e8me 2024\">Lire plus<\/a><\/p>\n","protected":false},"author":1,"featured_media":0,"parent":50,"menu_order":0,"comment_status":"closed","ping_status":"closed","template":"","meta":{"footnotes":""},"class_list":["post-1142","page","type-page","status-publish"],"_links":{"self":[{"href":"https:\/\/salondugourmet.fr\/index.php\/wp-json\/wp\/v2\/pages\/1142","targetHints":{"allow":["GET"]}}],"collection":[{"href":"https:\/\/salondugourmet.fr\/index.php\/wp-json\/wp\/v2\/pages"}],"about":[{"href":"https:\/\/salondugourmet.fr\/index.php\/wp-json\/wp\/v2\/types\/page"}],"author":[{"embeddable":true,"href":"https:\/\/salondugourmet.fr\/index.php\/wp-json\/wp\/v2\/users\/1"}],"replies":[{"embeddable":true,"href":"https:\/\/salondugourmet.fr\/index.php\/wp-json\/wp\/v2\/comments?post=1142"}],"version-history":[{"count":12,"href":"https:\/\/salondugourmet.fr\/index.php\/wp-json\/wp\/v2\/pages\/1142\/revisions"}],"predecessor-version":[{"id":1836,"href":"https:\/\/salondugourmet.fr\/index.php\/wp-json\/wp\/v2\/pages\/1142\/revisions\/1836"}],"up":[{"embeddable":true,"href":"https:\/\/salondugourmet.fr\/index.php\/wp-json\/wp\/v2\/pages\/50"}],"wp:attachment":[{"href":"https:\/\/salondugourmet.fr\/index.php\/wp-json\/wp\/v2\/media?parent=1142"}],"curies":[{"name":"wp","href":"https:\/\/api.w.org\/{rel}","templated":true}]}}