{"id":1160,"date":"2024-10-13T17:53:17","date_gmt":"2024-10-13T15:53:17","guid":{"rendered":"https:\/\/salondugourmet.fr\/?page_id=1160"},"modified":"2025-10-30T17:38:50","modified_gmt":"2025-10-30T16:38:50","slug":"challenge-2023","status":"publish","type":"page","link":"https:\/\/salondugourmet.fr\/index.php\/chalenge\/challenge-2023\/","title":{"rendered":"Challenge 2023"},"content":{"rendered":"\t\t<div data-elementor-type=\"wp-page\" data-elementor-id=\"1160\" class=\"elementor elementor-1160\" data-elementor-post-type=\"page\">\n\t\t\t\t<div class=\"elementor-element elementor-element-060a078 e-flex e-con-boxed e-con e-parent\" data-id=\"060a078\" data-element_type=\"container\" data-e-type=\"container\">\n\t\t\t\t\t<div class=\"e-con-inner\">\n\t\t\t\t<div class=\"elementor-element elementor-element-75764cd elementor-widget elementor-widget-heading\" data-id=\"75764cd\" data-element_type=\"widget\" data-e-type=\"widget\" data-widget_type=\"heading.default\">\n\t\t\t\t\t<h2 class=\"elementor-heading-title elementor-size-default\">Challenge 2023<\/h2>\t\t\t\t<\/div>\n\t\t\t\t<div class=\"elementor-element elementor-element-ff3ec57 elementor-widget elementor-widget-text-editor\" data-id=\"ff3ec57\" data-element_type=\"widget\" data-e-type=\"widget\" data-widget_type=\"text-editor.default\">\n\t\t\t\t\t\t\t\t\t<p>Cette ann\u00e9es le challenge a \u00e9t\u00e9 plein de rebondissements.<br \/>Les personnes pr\u00e9sentes\u00a0 ont assist\u00e9 en direct aux d\u00e9boires de deux \u00e9quipes, l&rsquo;une \u00e0 environ quinze minutes de la fin de l&rsquo;\u00e9preuve et l&rsquo;autre au moment de la mise en place sur la table de pr\u00e9sentation en vue du jugement.<br \/>Cela arrive malheureusement !<br \/>N\u00e9anmoins les diff\u00e9rentes \u0153uvres ont malgr\u00e9 tout pu \u00eatre \u00ab\u00a0immortalis\u00e9es\u00a0\u00bb avant ces tragiques instants.<br \/>Vous pouvez les retrouver ci apr\u00e8s.<\/p>\t\t\t\t\t\t\t\t<\/div>\n\t\t\t\t\t<\/div>\n\t\t\t\t<\/div>\n\t\t<div class=\"elementor-element elementor-element-48f7948 e-flex e-con-boxed e-con e-parent\" data-id=\"48f7948\" data-element_type=\"container\" data-e-type=\"container\">\n\t\t\t\t\t<div class=\"e-con-inner\">\n\t\t\t\t<div class=\"elementor-element elementor-element-7de1b5f elementor-widget elementor-widget-gallery\" data-id=\"7de1b5f\" data-element_type=\"widget\" data-e-type=\"widget\" data-settings=\"{&quot;gallery_layout&quot;:&quot;masonry&quot;,&quot;columns&quot;:3,&quot;lazyload&quot;:&quot;yes&quot;,&quot;columns_tablet&quot;:2,&quot;columns_mobile&quot;:1,&quot;gap&quot;:{&quot;unit&quot;:&quot;px&quot;,&quot;size&quot;:10,&quot;sizes&quot;:[]},&quot;gap_tablet&quot;:{&quot;unit&quot;:&quot;px&quot;,&quot;size&quot;:10,&quot;sizes&quot;:[]},&quot;gap_mobile&quot;:{&quot;unit&quot;:&quot;px&quot;,&quot;size&quot;:10,&quot;sizes&quot;:[]},&quot;link_to&quot;:&quot;file&quot;,&quot;overlay_background&quot;:&quot;yes&quot;,&quot;content_hover_animation&quot;:&quot;fade-in&quot;}\" data-widget_type=\"gallery.default\">\n\t\t\t\t\t\t\t<div class=\"elementor-gallery__container\">\n\t\t\t\t\t\t\t<a class=\"e-gallery-item elementor-gallery-item elementor-animated-content\" href=\"https:\/\/salondugourmet.fr\/wp-content\/uploads\/2023\/12\/IMGP3920_DxO_r.jpg\" data-elementor-open-lightbox=\"yes\" data-elementor-lightbox-slideshow=\"7de1b5f\" data-elementor-lightbox-title=\"IMGP3920_DxO_r\" data-e-action-hash=\"#elementor-action%3Aaction%3Dlightbox%26settings%3DeyJpZCI6NjM1LCJ1cmwiOiJodHRwczpcL1wvc2Fsb25kdWdvdXJtZXQuZnJcL3dwLWNvbnRlbnRcL3VwbG9hZHNcLzIwMjNcLzEyXC9JTUdQMzkyMF9EeE9fci5qcGciLCJzbGlkZXNob3ciOiI3ZGUxYjVmIn0%3D\">\n\t\t\t\t\t<div class=\"e-gallery-image elementor-gallery-item__image\" data-thumbnail=\"https:\/\/salondugourmet.fr\/wp-content\/uploads\/2023\/12\/IMGP3920_DxO_r.jpg\" data-width=\"643\" data-height=\"965\" aria-label=\"\" role=\"img\" ><\/div>\n\t\t\t\t\t\t\t\t\t\t\t<div class=\"elementor-gallery-item__overlay\"><\/div>\n\t\t\t\t\t\t\t\t\t\t\t\t\t\t<\/a>\n\t\t\t\t\t\t\t<a class=\"e-gallery-item elementor-gallery-item elementor-animated-content\" href=\"https:\/\/salondugourmet.fr\/wp-content\/uploads\/2023\/12\/IMGP3921_r.jpg\" data-elementor-open-lightbox=\"yes\" data-elementor-lightbox-slideshow=\"7de1b5f\" data-elementor-lightbox-title=\"IMGP3921_r\" data-e-action-hash=\"#elementor-action%3Aaction%3Dlightbox%26settings%3DeyJpZCI6NjMzLCJ1cmwiOiJodHRwczpcL1wvc2Fsb25kdWdvdXJtZXQuZnJcL3dwLWNvbnRlbnRcL3VwbG9hZHNcLzIwMjNcLzEyXC9JTUdQMzkyMV9yLmpwZyIsInNsaWRlc2hvdyI6IjdkZTFiNWYifQ%3D%3D\">\n\t\t\t\t\t<div class=\"e-gallery-image elementor-gallery-item__image\" data-thumbnail=\"https:\/\/salondugourmet.fr\/wp-content\/uploads\/2023\/12\/IMGP3921_r-768x1152.jpg\" data-width=\"768\" data-height=\"1152\" aria-label=\"\" role=\"img\" ><\/div>\n\t\t\t\t\t\t\t\t\t\t\t<div class=\"elementor-gallery-item__overlay\"><\/div>\n\t\t\t\t\t\t\t\t\t\t\t\t\t\t<\/a>\n\t\t\t\t\t\t\t<a class=\"e-gallery-item elementor-gallery-item elementor-animated-content\" href=\"https:\/\/salondugourmet.fr\/wp-content\/uploads\/2023\/12\/IMGP3904_r.jpg\" data-elementor-open-lightbox=\"yes\" data-elementor-lightbox-slideshow=\"7de1b5f\" data-elementor-lightbox-title=\"IMGP3904_r\" data-e-action-hash=\"#elementor-action%3Aaction%3Dlightbox%26settings%3DeyJpZCI6NjM3LCJ1cmwiOiJodHRwczpcL1wvc2Fsb25kdWdvdXJtZXQuZnJcL3dwLWNvbnRlbnRcL3VwbG9hZHNcLzIwMjNcLzEyXC9JTUdQMzkwNF9yLmpwZyIsInNsaWRlc2hvdyI6IjdkZTFiNWYifQ%3D%3D\">\n\t\t\t\t\t<div class=\"e-gallery-image elementor-gallery-item__image\" data-thumbnail=\"https:\/\/salondugourmet.fr\/wp-content\/uploads\/2023\/12\/IMGP3904_r-768x1152.jpg\" data-width=\"768\" data-height=\"1152\" aria-label=\"\" role=\"img\" ><\/div>\n\t\t\t\t\t\t\t\t\t\t\t<div class=\"elementor-gallery-item__overlay\"><\/div>\n\t\t\t\t\t\t\t\t\t\t\t\t\t\t<\/a>\n\t\t\t\t\t<\/div>\n\t\t\t\t\t<\/div>\n\t\t\t\t\t<\/div>\n\t\t\t\t<\/div>\n\t\t<div class=\"elementor-element elementor-element-f47b13b e-flex e-con-boxed e-con e-parent\" data-id=\"f47b13b\" data-element_type=\"container\" data-e-type=\"container\">\n\t\t\t\t\t<div class=\"e-con-inner\">\n\t\t\t\t<div class=\"elementor-element elementor-element-aee7a8c elementor-widget elementor-widget-text-editor\" data-id=\"aee7a8c\" data-element_type=\"widget\" data-e-type=\"widget\" data-widget_type=\"text-editor.default\">\n\t\t\t\t\t\t\t\t\t<h3>\u00a0<\/h3><h3 style=\"text-align: center;\"><span style=\"color: #6ec1e4;\"><strong>Galerie d&rsquo;images<\/strong><br \/><\/span><br \/><span style=\"color: #00ccff;\"><a style=\"color: #00ccff;\" href=\"https:\/\/salondugourmet.fr\/index.php\/chalenge\/equipe-1\/\"> \u00a0 <\/a><a href=\"https:\/\/salondugourmet.fr\/index.php\/chalenge\/2023-equipe-1\/\"><img decoding=\"async\" class=\"alignnone wp-image-635 size-thumbnail\" src=\"https:\/\/salondugourmet.fr\/wp-content\/uploads\/2023\/12\/IMGP3920_DxO_r-150x150.jpg\" alt=\"\" width=\"150\" height=\"150\" \/><\/a><a href=\"https:\/\/salondugourmet.fr\/index.php\/chalenge\/2023-equipe-2\/\"><img decoding=\"async\" class=\"alignnone wp-image-636 size-thumbnail\" src=\"https:\/\/salondugourmet.fr\/wp-content\/uploads\/2023\/12\/IMGP3921_r-1-150x150.jpg\" alt=\"\" width=\"150\" height=\"150\" srcset=\"https:\/\/salondugourmet.fr\/wp-content\/uploads\/2023\/12\/IMGP3921_r-1-150x150.jpg 150w, https:\/\/salondugourmet.fr\/wp-content\/uploads\/2023\/12\/IMGP3921_r-1-650x650.jpg 650w\" sizes=\"(max-width: 150px) 100vw, 150px\" \/><\/a><strong> \u00a0 <a style=\"color: #00ccff;\" href=\"https:\/\/salondugourmet.fr\/index.php\/chalenge\/2023-equipe-3\/\"><img decoding=\"async\" class=\"alignnone wp-image-637 size-thumbnail\" src=\"https:\/\/salondugourmet.fr\/wp-content\/uploads\/2023\/12\/IMGP3904_r-150x150.jpg\" alt=\"\" width=\"150\" height=\"150\" srcset=\"https:\/\/salondugourmet.fr\/wp-content\/uploads\/2023\/12\/IMGP3904_r-150x150.jpg 150w, https:\/\/salondugourmet.fr\/wp-content\/uploads\/2023\/12\/IMGP3904_r-650x650.jpg 650w\" sizes=\"(max-width: 150px) 100vw, 150px\" \/><\/a><\/strong><\/span><\/h3>\t\t\t\t\t\t\t\t<\/div>\n\t\t\t\t\t<\/div>\n\t\t\t\t<\/div>\n\t\t\t\t<\/div>\n\t\t","protected":false},"excerpt":{"rendered":"<p>Challenge 2023 Cette ann\u00e9es le challenge a \u00e9t\u00e9 plein de rebondissements.Les personnes pr\u00e9sentes\u00a0 ont assist\u00e9 en direct aux d\u00e9boires de deux \u00e9quipes, l&rsquo;une \u00e0 environ quinze minutes de la fin de l&rsquo;\u00e9preuve et l&rsquo;autre au moment de la mise en place sur la table de pr\u00e9sentation en vue du jugement.Cela arrive malheureusement !N\u00e9anmoins les diff\u00e9rentes &#8230; <a title=\"Challenge 2023\" class=\"read-more\" href=\"https:\/\/salondugourmet.fr\/index.php\/chalenge\/challenge-2023\/\" aria-label=\"Plus sur Challenge 2023\">Lire plus<\/a><\/p>\n","protected":false},"author":1,"featured_media":0,"parent":92,"menu_order":0,"comment_status":"closed","ping_status":"closed","template":"","meta":{"footnotes":""},"class_list":["post-1160","page","type-page","status-publish"],"_links":{"self":[{"href":"https:\/\/salondugourmet.fr\/index.php\/wp-json\/wp\/v2\/pages\/1160","targetHints":{"allow":["GET"]}}],"collection":[{"href":"https:\/\/salondugourmet.fr\/index.php\/wp-json\/wp\/v2\/pages"}],"about":[{"href":"https:\/\/salondugourmet.fr\/index.php\/wp-json\/wp\/v2\/types\/page"}],"author":[{"embeddable":true,"href":"https:\/\/salondugourmet.fr\/index.php\/wp-json\/wp\/v2\/users\/1"}],"replies":[{"embeddable":true,"href":"https:\/\/salondugourmet.fr\/index.php\/wp-json\/wp\/v2\/comments?post=1160"}],"version-history":[{"count":13,"href":"https:\/\/salondugourmet.fr\/index.php\/wp-json\/wp\/v2\/pages\/1160\/revisions"}],"predecessor-version":[{"id":1627,"href":"https:\/\/salondugourmet.fr\/index.php\/wp-json\/wp\/v2\/pages\/1160\/revisions\/1627"}],"up":[{"embeddable":true,"href":"https:\/\/salondugourmet.fr\/index.php\/wp-json\/wp\/v2\/pages\/92"}],"wp:attachment":[{"href":"https:\/\/salondugourmet.fr\/index.php\/wp-json\/wp\/v2\/media?parent=1160"}],"curies":[{"name":"wp","href":"https:\/\/api.w.org\/{rel}","templated":true}]}}