{"id":1823,"date":"2025-11-16T17:07:49","date_gmt":"2025-11-16T16:07:49","guid":{"rendered":"https:\/\/salondugourmet.fr\/?page_id=1823"},"modified":"2025-11-16T17:14:00","modified_gmt":"2025-11-16T16:14:00","slug":"themes-2025","status":"publish","type":"page","link":"https:\/\/salondugourmet.fr\/index.php\/theme\/themes-2025\/","title":{"rendered":"Th\u00e8me 2025"},"content":{"rendered":"\t\t<div data-elementor-type=\"wp-page\" data-elementor-id=\"1823\" class=\"elementor elementor-1823\" data-elementor-post-type=\"page\">\n\t\t\t\t<div class=\"elementor-element elementor-element-3dfd5fb e-flex e-con-boxed e-con e-parent\" data-id=\"3dfd5fb\" data-element_type=\"container\" data-e-type=\"container\">\n\t\t\t\t\t<div class=\"e-con-inner\">\n\t\t<div class=\"elementor-element elementor-element-4907819 e-con-full e-flex e-con e-child\" data-id=\"4907819\" data-element_type=\"container\" data-e-type=\"container\">\n\t\t\t\t<div class=\"elementor-element elementor-element-1894585 elementor-widget elementor-widget-text-editor\" data-id=\"1894585\" data-element_type=\"widget\" data-e-type=\"widget\" data-widget_type=\"text-editor.default\">\n\t\t\t\t\t\t\t\t\t<p>Pour cette ann\u00e9e 2025, nous ferons un petit tour du monde pour d\u00e9couvrir les saveurs de cinq pays :<\/p><ul><li>Allemagne <a href=\"https:\/\/salondugourmet.fr\/wp-content\/uploads\/2025\/11\/specialites-culinaires-Allemandes.webp\"><img decoding=\"async\" class=\"aligncenter wp-image-1818 size-thumbnail\" src=\"https:\/\/salondugourmet.fr\/wp-content\/uploads\/2025\/11\/specialites-culinaires-Allemandes-150x150.webp\" alt=\"\" width=\"150\" height=\"150\" \/><\/a><\/li><li>\u00c9quateur<a href=\"https:\/\/salondugourmet.fr\/wp-content\/uploads\/2025\/11\/specialites-culinaires-Equateur.webp\"><img decoding=\"async\" class=\"aligncenter wp-image-1819 size-thumbnail\" src=\"https:\/\/salondugourmet.fr\/wp-content\/uploads\/2025\/11\/specialites-culinaires-Equateur-150x150.webp\" alt=\"\" width=\"150\" height=\"150\" \/><\/a><\/li><li>\u00c9tats-Unis<a href=\"https:\/\/salondugourmet.fr\/wp-content\/uploads\/2025\/11\/specialites-culinaires-Etats_unis.webp\"><img decoding=\"async\" class=\"aligncenter wp-image-1822 size-thumbnail\" src=\"https:\/\/salondugourmet.fr\/wp-content\/uploads\/2025\/11\/specialites-culinaires-Etats_unis-150x150.webp\" alt=\"\" width=\"150\" height=\"150\" \/><\/a><\/li><li>Japon<a href=\"https:\/\/salondugourmet.fr\/wp-content\/uploads\/2025\/11\/specialites-culinaires-Japon.webp\"><img loading=\"lazy\" decoding=\"async\" class=\"aligncenter wp-image-1820 size-thumbnail\" src=\"https:\/\/salondugourmet.fr\/wp-content\/uploads\/2025\/11\/specialites-culinaires-Japon-150x150.webp\" alt=\"\" width=\"150\" height=\"150\" \/><\/a><\/li><li>S\u00e9n\u00e9gal<a href=\"https:\/\/salondugourmet.fr\/wp-content\/uploads\/2025\/11\/specialites-culinaires-Senegal.webp\"><img loading=\"lazy\" decoding=\"async\" class=\"aligncenter wp-image-1821 size-thumbnail\" src=\"https:\/\/salondugourmet.fr\/wp-content\/uploads\/2025\/11\/specialites-culinaires-Senegal-150x150.webp\" alt=\"\" width=\"150\" height=\"150\" \/><\/a><\/li><\/ul><p class=\"p1\"><span class=\"s1\"><b>Venez vivre une exp\u00e9rience unique au Salon du Gourmet !<\/b><\/span><\/p><p class=\"p1\"><span class=\"s2\">Partez \u00e0 la d\u00e9couverte des\u00a0<\/span><span class=\"s1\"><b>saveurs du monde<\/b><\/span><span class=\"s2\">\u00a0\u00e0 travers des animations culinaires hautes en couleurs et en ar\u00f4mes. D\u00e9gustations, d\u00e9monstrations et rencontres avec des passionn\u00e9s vous feront voyager aux quatre coins du globe sans quitter l\u2019\u00e9v\u00e9nement. Une invitation au partage, \u00e0 la curiosit\u00e9 et au plaisir des papilles !<\/span><\/p>\t\t\t\t\t\t\t\t<\/div>\n\t\t\t\t<\/div>\n\t\t\t\t\t<\/div>\n\t\t\t\t<\/div>\n\t\t\t\t<\/div>\n\t\t","protected":false},"excerpt":{"rendered":"<p>Pour cette ann\u00e9e 2025, nous ferons un petit tour du monde pour d\u00e9couvrir les saveurs de cinq pays : Allemagne \u00c9quateur \u00c9tats-Unis Japon S\u00e9n\u00e9gal Venez vivre une exp\u00e9rience unique au Salon du Gourmet ! Partez \u00e0 la d\u00e9couverte des\u00a0saveurs du monde\u00a0\u00e0 travers des animations culinaires hautes en couleurs et en ar\u00f4mes. D\u00e9gustations, d\u00e9monstrations et rencontres &#8230; <a title=\"Th\u00e8me 2025\" class=\"read-more\" href=\"https:\/\/salondugourmet.fr\/index.php\/theme\/themes-2025\/\" aria-label=\"Plus sur Th\u00e8me 2025\">Lire plus<\/a><\/p>\n","protected":false},"author":1,"featured_media":0,"parent":50,"menu_order":0,"comment_status":"closed","ping_status":"closed","template":"","meta":{"footnotes":""},"class_list":["post-1823","page","type-page","status-publish"],"_links":{"self":[{"href":"https:\/\/salondugourmet.fr\/index.php\/wp-json\/wp\/v2\/pages\/1823","targetHints":{"allow":["GET"]}}],"collection":[{"href":"https:\/\/salondugourmet.fr\/index.php\/wp-json\/wp\/v2\/pages"}],"about":[{"href":"https:\/\/salondugourmet.fr\/index.php\/wp-json\/wp\/v2\/types\/page"}],"author":[{"embeddable":true,"href":"https:\/\/salondugourmet.fr\/index.php\/wp-json\/wp\/v2\/users\/1"}],"replies":[{"embeddable":true,"href":"https:\/\/salondugourmet.fr\/index.php\/wp-json\/wp\/v2\/comments?post=1823"}],"version-history":[{"count":8,"href":"https:\/\/salondugourmet.fr\/index.php\/wp-json\/wp\/v2\/pages\/1823\/revisions"}],"predecessor-version":[{"id":1837,"href":"https:\/\/salondugourmet.fr\/index.php\/wp-json\/wp\/v2\/pages\/1823\/revisions\/1837"}],"up":[{"embeddable":true,"href":"https:\/\/salondugourmet.fr\/index.php\/wp-json\/wp\/v2\/pages\/50"}],"wp:attachment":[{"href":"https:\/\/salondugourmet.fr\/index.php\/wp-json\/wp\/v2\/media?parent=1823"}],"curies":[{"name":"wp","href":"https:\/\/api.w.org\/{rel}","templated":true}]}}