{"id":50,"date":"2023-09-01T16:32:48","date_gmt":"2023-09-01T14:32:48","guid":{"rendered":"https:\/\/salondugourmet.fr\/?page_id=50"},"modified":"2025-11-16T17:15:39","modified_gmt":"2025-11-16T16:15:39","slug":"theme","status":"publish","type":"page","link":"https:\/\/salondugourmet.fr\/index.php\/theme\/","title":{"rendered":"Th\u00e8mes"},"content":{"rendered":"\t\t<div data-elementor-type=\"wp-page\" data-elementor-id=\"50\" class=\"elementor elementor-50\" data-elementor-post-type=\"page\">\n\t\t\t\t\t\t<section class=\"elementor-section elementor-top-section elementor-element elementor-element-d0b3ec4 elementor-section-boxed elementor-section-height-default elementor-section-height-default\" data-id=\"d0b3ec4\" data-element_type=\"section\" data-e-type=\"section\">\n\t\t\t\t\t\t<div class=\"elementor-container elementor-column-gap-default\">\n\t\t\t\t\t<div class=\"elementor-column elementor-col-100 elementor-top-column elementor-element elementor-element-a09c51a\" data-id=\"a09c51a\" data-element_type=\"column\" data-e-type=\"column\">\n\t\t\t<div class=\"elementor-widget-wrap elementor-element-populated\">\n\t\t\t\t\t\t<div class=\"elementor-element elementor-element-f4e9e1c elementor-widget elementor-widget-text-editor\" data-id=\"f4e9e1c\" data-element_type=\"widget\" data-e-type=\"widget\" data-widget_type=\"text-editor.default\">\n\t\t\t\t\t\t\t\t\t<p>L\u2019art de la \u00ab\u00a0bonne ch\u00e8re\u00a0\u00bb peut se pratiquer tr\u00e8s simplement \u00e0 condition d\u2019utiliser de bons produits de base. C\u2019est la r\u00e8gle incontournable du gourmet qui par d\u00e9finition appr\u00e9cie le raffinement en mati\u00e8re de boire et de manger. Mais \u00e0 ce propos, que signifiait \u00e0 l\u2019origine \u00ab\u00a0faire bonne ch\u00e8re\u00a0\u00bb\u00a0? C\u2019\u00e9tait tout simplement faire bon visage \u00e0 quelqu\u2019un\u00a0!<\/p><p>L\u2019association \u00ab\u00a0le Groupement des Gourmets\u00a0\u00bb qui organise le Salon depuis 28 ans vous fait non seulement bonne ch\u00e8re par son accueil et sa convivialit\u00e9, mais vous invite \u00e0 faire bonne ch\u00e8re gr\u00e2ce aux excellents produits pr\u00e9sent\u00e9s par nos exposants.<\/p>\t\t\t\t\t\t\t\t<\/div>\n\t\t\t\t\t<\/div>\n\t\t<\/div>\n\t\t\t\t\t<\/div>\n\t\t<\/section>\n\t\t\t\t<section class=\"elementor-section elementor-top-section elementor-element elementor-element-e251394 elementor-section-boxed elementor-section-height-default elementor-section-height-default\" data-id=\"e251394\" data-element_type=\"section\" data-e-type=\"section\">\n\t\t\t\t\t\t<div class=\"elementor-container elementor-column-gap-default\">\n\t\t\t\t\t<div class=\"elementor-column elementor-col-100 elementor-top-column elementor-element elementor-element-286d38a\" data-id=\"286d38a\" data-element_type=\"column\" data-e-type=\"column\">\n\t\t\t<div class=\"elementor-widget-wrap elementor-element-populated\">\n\t\t\t\t\t\t<div class=\"elementor-element elementor-element-9bd81ad elementor-align-center elementor-widget elementor-widget-button\" data-id=\"9bd81ad\" data-element_type=\"widget\" data-e-type=\"widget\" data-widget_type=\"button.default\">\n\t\t\t\t\t\t\t\t\t\t<a class=\"elementor-button elementor-button-link elementor-size-sm\" href=\"https:\/\/salondugourmet.fr\/index.php\/themes-2025\/\">\n\t\t\t\t\t\t<span class=\"elementor-button-content-wrapper\">\n\t\t\t\t\t\t\t\t\t<span class=\"elementor-button-text\">2025<\/span>\n\t\t\t\t\t<\/span>\n\t\t\t\t\t<\/a>\n\t\t\t\t\t\t\t\t<\/div>\n\t\t\t\t<div class=\"elementor-element elementor-element-4812201 elementor-align-center elementor-widget elementor-widget-button\" data-id=\"4812201\" data-element_type=\"widget\" data-e-type=\"widget\" data-widget_type=\"button.default\">\n\t\t\t\t\t\t\t\t\t\t<a class=\"elementor-button elementor-button-link elementor-size-sm\" href=\"https:\/\/salondugourmet.fr\/index.php\/themes-2024\/\">\n\t\t\t\t\t\t<span class=\"elementor-button-content-wrapper\">\n\t\t\t\t\t\t\t\t\t<span class=\"elementor-button-text\">2024<\/span>\n\t\t\t\t\t<\/span>\n\t\t\t\t\t<\/a>\n\t\t\t\t\t\t\t\t<\/div>\n\t\t\t\t<div class=\"elementor-element elementor-element-8e15587 elementor-align-center elementor-widget elementor-widget-button\" data-id=\"8e15587\" data-element_type=\"widget\" data-e-type=\"widget\" data-widget_type=\"button.default\">\n\t\t\t\t\t\t\t\t\t\t<a class=\"elementor-button elementor-button-link elementor-size-sm\" href=\"https:\/\/salondugourmet.fr\/index.php\/theme\/theme_2023\/\">\n\t\t\t\t\t\t<span class=\"elementor-button-content-wrapper\">\n\t\t\t\t\t\t\t\t\t<span class=\"elementor-button-text\">2023<\/span>\n\t\t\t\t\t<\/span>\n\t\t\t\t\t<\/a>\n\t\t\t\t\t\t\t\t<\/div>\n\t\t\t\t\t<\/div>\n\t\t<\/div>\n\t\t\t\t\t<\/div>\n\t\t<\/section>\n\t\t\t\t<\/div>\n\t\t","protected":false},"excerpt":{"rendered":"<p>L\u2019art de la \u00ab\u00a0bonne ch\u00e8re\u00a0\u00bb peut se pratiquer tr\u00e8s simplement \u00e0 condition d\u2019utiliser de bons produits de base. C\u2019est la r\u00e8gle incontournable du gourmet qui par d\u00e9finition appr\u00e9cie le raffinement en mati\u00e8re de boire et de manger. Mais \u00e0 ce propos, que signifiait \u00e0 l\u2019origine \u00ab\u00a0faire bonne ch\u00e8re\u00a0\u00bb\u00a0? C\u2019\u00e9tait tout simplement faire bon visage \u00e0 &#8230; <a title=\"Th\u00e8mes\" class=\"read-more\" href=\"https:\/\/salondugourmet.fr\/index.php\/theme\/\" aria-label=\"Plus sur Th\u00e8mes\">Lire plus<\/a><\/p>\n","protected":false},"author":1,"featured_media":0,"parent":0,"menu_order":0,"comment_status":"closed","ping_status":"closed","template":"","meta":{"footnotes":""},"class_list":["post-50","page","type-page","status-publish"],"_links":{"self":[{"href":"https:\/\/salondugourmet.fr\/index.php\/wp-json\/wp\/v2\/pages\/50","targetHints":{"allow":["GET"]}}],"collection":[{"href":"https:\/\/salondugourmet.fr\/index.php\/wp-json\/wp\/v2\/pages"}],"about":[{"href":"https:\/\/salondugourmet.fr\/index.php\/wp-json\/wp\/v2\/types\/page"}],"author":[{"embeddable":true,"href":"https:\/\/salondugourmet.fr\/index.php\/wp-json\/wp\/v2\/users\/1"}],"replies":[{"embeddable":true,"href":"https:\/\/salondugourmet.fr\/index.php\/wp-json\/wp\/v2\/comments?post=50"}],"version-history":[{"count":31,"href":"https:\/\/salondugourmet.fr\/index.php\/wp-json\/wp\/v2\/pages\/50\/revisions"}],"predecessor-version":[{"id":1839,"href":"https:\/\/salondugourmet.fr\/index.php\/wp-json\/wp\/v2\/pages\/50\/revisions\/1839"}],"wp:attachment":[{"href":"https:\/\/salondugourmet.fr\/index.php\/wp-json\/wp\/v2\/media?parent=50"}],"curies":[{"name":"wp","href":"https:\/\/api.w.org\/{rel}","templated":true}]}}