{"id":62,"date":"2023-09-01T16:37:07","date_gmt":"2023-09-01T14:37:07","guid":{"rendered":"https:\/\/salondugourmet.fr\/?page_id=62"},"modified":"2025-11-17T17:55:07","modified_gmt":"2025-11-17T16:55:07","slug":"annimations","status":"publish","type":"page","link":"https:\/\/salondugourmet.fr\/index.php\/annimations\/","title":{"rendered":"Animations"},"content":{"rendered":"\t\t<div data-elementor-type=\"wp-page\" data-elementor-id=\"62\" class=\"elementor elementor-62\" data-elementor-post-type=\"page\">\n\t\t\t\t\t\t<section class=\"elementor-section elementor-top-section elementor-element elementor-element-4fcb642 elementor-section-boxed elementor-section-height-default elementor-section-height-default\" data-id=\"4fcb642\" data-element_type=\"section\" data-e-type=\"section\">\n\t\t\t\t\t\t<div class=\"elementor-container elementor-column-gap-default\">\n\t\t\t\t\t<div class=\"elementor-column elementor-col-100 elementor-top-column elementor-element elementor-element-f99ea09\" data-id=\"f99ea09\" data-element_type=\"column\" data-e-type=\"column\">\n\t\t\t<div class=\"elementor-widget-wrap elementor-element-populated\">\n\t\t\t\t\t\t<div class=\"elementor-element elementor-element-c648435 elementor-widget elementor-widget-text-editor\" data-id=\"c648435\" data-element_type=\"widget\" data-e-type=\"widget\" data-widget_type=\"text-editor.default\">\n\t\t\t\t\t\t\t\t\t<div class=\"entry-content\"><div class=\"elementor elementor-492\" data-elementor-type=\"wp-page\" data-elementor-id=\"492\" data-elementor-post-type=\"page\"><section class=\"elementor-section elementor-top-section elementor-element elementor-element-59d03bb elementor-section-boxed elementor-section-height-default elementor-section-height-default\" data-id=\"59d03bb\" data-element_type=\"section\"><div class=\"elementor-container elementor-column-gap-default\"><div class=\"elementor-column elementor-col-100 elementor-top-column elementor-element elementor-element-ebe0a4c\" data-id=\"ebe0a4c\" data-element_type=\"column\"><div class=\"elementor-widget-wrap elementor-element-populated\"><div class=\"elementor-element elementor-element-11ffdbc elementor-widget elementor-widget-text-editor\" data-id=\"11ffdbc\" data-element_type=\"widget\" data-widget_type=\"text-editor.default\"><div class=\"elementor-widget-container\"><h2><strong><span style=\"color: #0000ff;\">Durant le salon, plusieurs animations vous sont propos\u00e9es :<\/span><\/strong><\/h2><\/div><\/div><\/div><\/div><\/div><\/section><section class=\"elementor-section elementor-top-section elementor-element elementor-element-a9d4bf5 elementor-section-boxed elementor-section-height-default elementor-section-height-default\" data-id=\"a9d4bf5\" data-element_type=\"section\"><div class=\"elementor-container elementor-column-gap-default\"><div class=\"elementor-column elementor-col-100 elementor-top-column elementor-element elementor-element-b50a79a\" data-id=\"b50a79a\" data-element_type=\"column\"><div class=\"elementor-widget-wrap elementor-element-populated\"><div class=\"elementor-element elementor-element-3dcd000 elementor-widget elementor-widget-text-editor\" data-id=\"3dcd000\" data-element_type=\"widget\" data-widget_type=\"text-editor.default\"><div class=\"elementor-widget-container\"><ul><li><span style=\"color: #3366ff;\">Une vente d\u2019enveloppes a lieu durant le salon.<\/span><br \/><em>Celles-ci sont toutes gagnantes !<\/em><ul><li>Les lots contiennent :<ul><li>Des <strong>repas offerts<\/strong> dans certains restaurants de la r\u00e9gion,<\/li><li>Des <strong>bons d\u2019achats<\/strong>, des plantes, des bouquets,<\/li><li>Des <strong>produits \u00e0 retirer<\/strong> directement sur les stands des exposants du Salon du Gourmet,<\/li><li>Des <strong>paniers garnis<\/strong> d\u2019\u00e9picerie fine\u2026 de bons vins\u2026 de gourmandises\u2026 de nos exposants.<\/li><\/ul><\/li><\/ul><\/li><\/ul><\/div><\/div><\/div><\/div><\/div><\/section><section class=\"elementor-section elementor-top-section elementor-element elementor-element-9382ac1 elementor-section-boxed elementor-section-height-default elementor-section-height-default\" data-id=\"9382ac1\" data-element_type=\"section\"><div class=\"elementor-container elementor-column-gap-default\"><div class=\"elementor-column elementor-col-100 elementor-top-column elementor-element elementor-element-77ce17f\" data-id=\"77ce17f\" data-element_type=\"column\"><div class=\"elementor-widget-wrap elementor-element-populated\"><div class=\"elementor-element elementor-element-d864cf5 elementor-widget elementor-widget-text-editor\" data-id=\"d864cf5\" data-element_type=\"widget\" data-widget_type=\"text-editor.default\"><div class=\"elementor-widget-container\"><ul><li><span style=\"color: #3366ff;\">Confection sous vos yeux de pains et viennoiseries.<\/span><\/li><li><span style=\"color: #3366ff;\">R\u00e9alisation de friandises par les b\u00e9n\u00e9voles et des professionnels.<\/span><\/li><li><span style=\"color: #3366ff;\">Fabrication de calendrier de l\u2019Avent.<\/span><\/li><li><span style=\"color: #3366ff;\">L\u2019inscription se fera \u00e0 votre arriv\u00e9e au salon sur l\u2019estrade en bas.<\/span><br \/><em>\u00a0Horaires de fabrication :<\/em><ul><li>Samedi : 10h30 &#8211; 12h, 14h15 &#8211; 15h45 et 16h30 &#8211; 18h.<\/li><li>Dimanche : 10h15 &#8211; 11h45 et 12h15 &#8211; 13h45.<\/li><\/ul><\/li><li><span style=\"color: #3366ff;\">\u00c9veil des papilles.<\/span><\/li><li><span style=\"color: #3366ff;\">Recettes de cuisine par <strong>C\u00e9dric GLAY<\/strong> toutes les heures. Avec des produits du salon. Dur\u00e9e 15 mn<\/span><\/li><li><span style=\"color: #3366ff;\">Animations autour des Saveurs du monde.<\/span><\/li><\/ul><\/div><\/div><\/div><\/div><\/div><\/section><section class=\"elementor-section elementor-top-section elementor-element elementor-element-81eb32f elementor-section-boxed elementor-section-height-default elementor-section-height-default\" data-id=\"81eb32f\" data-element_type=\"section\"><div class=\"elementor-container elementor-column-gap-default\"><div class=\"elementor-column elementor-col-100 elementor-top-column elementor-element elementor-element-faa227d\" data-id=\"faa227d\" data-element_type=\"column\"><div class=\"elementor-widget-wrap elementor-element-populated\"><div class=\"elementor-element elementor-element-f28ec3d elementor-widget elementor-widget-image\" data-id=\"f28ec3d\" data-element_type=\"widget\" data-widget_type=\"image.default\"><div class=\"elementor-widget-container\"><p><img fetchpriority=\"high\" decoding=\"async\" class=\"wp-image-1756 size-medium\" src=\"https:\/\/salondugourmet.fr\/wp-content\/uploads\/2025\/11\/Saveurs_monde-300x225.jpg\" alt=\"\" width=\"300\" height=\"225\" srcset=\"https:\/\/salondugourmet.fr\/wp-content\/uploads\/2025\/11\/Saveurs_monde-300x225.jpg 300w, https:\/\/salondugourmet.fr\/wp-content\/uploads\/2025\/11\/Saveurs_monde.jpg 612w\" sizes=\"(max-width: 300px) 100vw, 300px\" \/><\/p><\/div><\/div><\/div><\/div><\/div><\/section><section class=\"elementor-section elementor-top-section elementor-element elementor-element-d5a6e06 elementor-section-boxed elementor-section-height-default elementor-section-height-default\" data-id=\"d5a6e06\" data-element_type=\"section\"><div class=\"elementor-container elementor-column-gap-default\"><div class=\"elementor-column elementor-col-100 elementor-top-column elementor-element elementor-element-67bd244\" data-id=\"67bd244\" data-element_type=\"column\"><div class=\"elementor-widget-wrap elementor-element-populated\"><div class=\"elementor-element elementor-element-c820ab3 elementor-widget elementor-widget-text-editor\" data-id=\"c820ab3\" data-element_type=\"widget\" data-widget_type=\"text-editor.default\"><div class=\"elementor-widget-container\"><blockquote><p>Vous l\u2019avez compris, nous vous proposons de d\u00e9couvrir des produits de qualit\u00e9 et des saveurs authentiques durant le salon.<br \/>Mais les d\u00e9couvrir par le go\u00fbt, c\u2019est encore mieux !<br \/>Vous \u00eates donc invit\u00e9s \u00e0 d\u00e9guster tous les produits qui vous font envie <strong>mais pour les vins, bien \u00e9videmment, avec mod\u00e9ration.<\/strong><\/p><\/blockquote><\/div><\/div><\/div><\/div><\/div><\/section><\/div><\/div>\t\t\t\t\t\t\t\t<\/div>\n\t\t\t\t\t<\/div>\n\t\t<\/div>\n\t\t\t\t\t<\/div>\n\t\t<\/section>\n\t\t\t\t<\/div>\n\t\t","protected":false},"excerpt":{"rendered":"<p>Durant le salon, plusieurs animations vous sont propos\u00e9es : Une vente d\u2019enveloppes a lieu durant le salon.Celles-ci sont toutes gagnantes ! Les lots contiennent : Des repas offerts dans certains restaurants de la r\u00e9gion, Des bons d\u2019achats, des plantes, des bouquets, Des produits \u00e0 retirer directement sur les stands des exposants du Salon du Gourmet, &#8230; <a title=\"Animations\" class=\"read-more\" href=\"https:\/\/salondugourmet.fr\/index.php\/annimations\/\" aria-label=\"Plus sur Animations\">Lire plus<\/a><\/p>\n","protected":false},"author":1,"featured_media":0,"parent":0,"menu_order":0,"comment_status":"closed","ping_status":"closed","template":"","meta":{"footnotes":""},"class_list":["post-62","page","type-page","status-publish"],"_links":{"self":[{"href":"https:\/\/salondugourmet.fr\/index.php\/wp-json\/wp\/v2\/pages\/62","targetHints":{"allow":["GET"]}}],"collection":[{"href":"https:\/\/salondugourmet.fr\/index.php\/wp-json\/wp\/v2\/pages"}],"about":[{"href":"https:\/\/salondugourmet.fr\/index.php\/wp-json\/wp\/v2\/types\/page"}],"author":[{"embeddable":true,"href":"https:\/\/salondugourmet.fr\/index.php\/wp-json\/wp\/v2\/users\/1"}],"replies":[{"embeddable":true,"href":"https:\/\/salondugourmet.fr\/index.php\/wp-json\/wp\/v2\/comments?post=62"}],"version-history":[{"count":26,"href":"https:\/\/salondugourmet.fr\/index.php\/wp-json\/wp\/v2\/pages\/62\/revisions"}],"predecessor-version":[{"id":1935,"href":"https:\/\/salondugourmet.fr\/index.php\/wp-json\/wp\/v2\/pages\/62\/revisions\/1935"}],"wp:attachment":[{"href":"https:\/\/salondugourmet.fr\/index.php\/wp-json\/wp\/v2\/media?parent=62"}],"curies":[{"name":"wp","href":"https:\/\/api.w.org\/{rel}","templated":true}]}}